{"id":319,"date":"2018-10-09T10:19:07","date_gmt":"2018-10-09T10:19:07","guid":{"rendered":"http:\/\/hortis.grandem.lv\/par-mums\/"},"modified":"2018-11-09T00:19:38","modified_gmt":"2018-11-09T00:19:38","slug":"par-mums","status":"publish","type":"page","link":"https:\/\/hortis.lv\/et\/par-mums\/","title":{"rendered":"MEIE KOHTA"},"content":{"rendered":"<p><em>SIA D\u0101rza Studija<\/em>\u00a0nodarbojas ar d\u0101rzkop\u012bbas pre\u010du tirdzniec\u012bbu kop\u0161 2010. gada, pied\u0101v\u0101jot pla\u0161\u0101 sortiment\u0101 s\u0113klas, miner\u0101lm\u0113slus un citus d\u0101rzkop\u012bb\u0101 nepiecie\u0161amus un noder\u012bgus produktus. Esam priec\u012bgi, ka m\u016bsu klientu vid\u016b ir\u00a0mazumtirgot\u0101ji,\u00a0st\u0101du audz\u0113t\u0101ji un apza\u013cumot\u0101ji no visas Latvijas, kuri atzin\u012bgi nov\u0113rt\u0113 m\u016bsu pied\u0101v\u0101to sortimentu, pre\u010du kvalit\u0101ti un konkurentsp\u0113j\u012bg\u0101s cenas.<\/p>\n<p>Izv\u0113rt\u0113jot Latvijas tirgus piepras\u012bjumu un klientu v\u0113lmes, esam izveidoju\u0161i savu miner\u0101lm\u0113slu l\u012bniju &#8220;Hortis&#8221; , t\u0101d\u0113\u013c sp\u0113jam pied\u0101v\u0101t pla\u0161\u0101 kl\u0101st\u0101 gan \u0161\u0137\u012bsto\u0161os, gan granul\u0113tos miner\u0101lm\u0113slus k\u0101 vasaras, t\u0101 rudens sezonai. \u0145emot v\u0113r\u0101 to, ka piepras\u012bjums un klientu skaits katru gadu aug, ar\u012b m\u016bsu uz\u0146\u0113muma sortiments papla\u0161in\u0101s, pied\u0101v\u0101jot da\u017e\u0101da kl\u0101sta d\u0101rzkop\u012bbas preces k\u0101 d\u0101rza entuziastiem, t\u0101 profesion\u0101liem d\u0101rzniekiem, apza\u013cumot\u0101jiem un st\u0101du audz\u0113t\u0101jiem.<\/p>\n<p>B\u016bsim priec\u012bgi, ja J\u016bsu d\u0101rza labsaj\u016btai, kr\u0101\u0161\u0146umam un labiek\u0101rto\u0161anai b\u016bsiet izv\u0113l\u0113ju\u0161ies m\u016bsu sortimentu. Ja k\u0101du, no J\u016bsu v\u0113lam\u0101s preces neatrad\u0101t m\u016bsu pied\u0101v\u0101jum\u0101, vai v\u0113laties uzs\u0101kt sadarb\u012bbu, esam atv\u0113rti ieteikumiem vai pied\u0101v\u0101jumiem.<br \/>\nVeiksm\u012bgu d\u0101rza sezonu!<\/p>\n","protected":false},"excerpt":{"rendered":"<p>SIA D\u0101rza Studija\u00a0nodarbojas ar d\u0101rzkop\u012bbas pre\u010du tirdzniec\u012bbu kop\u0161 2010. gada, pied\u0101v\u0101jot pla\u0161\u0101 sortiment\u0101 s\u0113klas, miner\u0101lm\u0113slus un citus d\u0101rzkop\u012bb\u0101 nepiecie\u0161amus un noder\u012bgus produktus. Esam priec\u012bgi, ka m\u016bsu klientu vid\u016b ir\u00a0mazumtirgot\u0101ji,\u00a0st\u0101du audz\u0113t\u0101ji un apza\u013cumot\u0101ji no visas Latvijas, kuri atzin\u012bgi nov\u0113rt\u0113 m\u016bsu pied\u0101v\u0101to sortimentu, pre\u010du kvalit\u0101ti un konkurentsp\u0113j\u012bg\u0101s cenas. Izv\u0113rt\u0113jot Latvijas tirgus piepras\u012bjumu un klientu v\u0113lmes, esam izveidoju\u0161i [&hellip;]<\/p>\n","protected":false},"author":4,"featured_media":0,"parent":0,"menu_order":0,"comment_status":"closed","ping_status":"closed","template":"","meta":{"footnotes":""},"class_list":["post-319","page","type-page","status-publish","hentry"],"_links":{"self":[{"href":"https:\/\/hortis.lv\/et\/wp-json\/wp\/v2\/pages\/319\/"}],"collection":[{"href":"https:\/\/hortis.lv\/et\/wp-json\/wp\/v2\/pages\/"}],"about":[{"href":"https:\/\/hortis.lv\/et\/wp-json\/wp\/v2\/types\/page\/"}],"author":[{"embeddable":true,"href":"https:\/\/hortis.lv\/et\/wp-json\/wp\/v2\/users\/4\/"}],"replies":[{"embeddable":true,"href":"https:\/\/hortis.lv\/et\/wp-json\/wp\/v2\/comments\/?post=319"}],"version-history":[{"count":2,"href":"https:\/\/hortis.lv\/et\/wp-json\/wp\/v2\/pages\/319\/revisions\/"}],"predecessor-version":[{"id":409,"href":"https:\/\/hortis.lv\/et\/wp-json\/wp\/v2\/pages\/319\/revisions\/409\/"}],"wp:attachment":[{"href":"https:\/\/hortis.lv\/et\/wp-json\/wp\/v2\/media\/?parent=319"}],"curies":[{"name":"wp","href":"https:\/\/api.w.org\/{rel}","templated":true}]}}